{"id":168874,"date":"2024-02-23T17:34:47","date_gmt":"2024-02-23T22:34:47","guid":{"rendered":"https:\/\/mansfield-pontefract.com.ottawavalleymedia.ca\/residents\/services-de-police-et-durgence\/"},"modified":"2024-04-12T21:02:09","modified_gmt":"2024-04-13T01:02:09","slug":"police-and-emergency-services","status":"publish","type":"page","link":"https:\/\/mansfield-pontefract.com\/en\/residents\/police-and-emergency-services\/","title":{"rendered":"Police and Emergency Services"},"content":{"rendered":"\t\t<div data-elementor-type=\"wp-page\" data-elementor-id=\"168874\" class=\"elementor elementor-168874 elementor-167488\" data-elementor-post-type=\"page\">\n\t\t\t\t<div class=\"elementor-element elementor-element-9fa3d0f e-flex e-con-boxed e-con e-parent\" data-id=\"9fa3d0f\" data-element_type=\"container\" data-e-type=\"container\" data-settings=\"{&quot;background_background&quot;:&quot;classic&quot;}\">\n\t\t\t\t\t<div class=\"e-con-inner\">\n\t\t<div class=\"elementor-element elementor-element-4d30d77 e-flex e-con-boxed e-con e-child\" data-id=\"4d30d77\" data-element_type=\"container\" data-e-type=\"container\" data-settings=\"{&quot;background_background&quot;:&quot;classic&quot;}\">\n\t\t\t\t\t<div class=\"e-con-inner\">\n\t\t<div class=\"elementor-element elementor-element-bbba76d e-flex e-con-boxed e-con e-child\" data-id=\"bbba76d\" data-element_type=\"container\" data-e-type=\"container\">\n\t\t\t\t\t<div class=\"e-con-inner\">\n\t\t<div class=\"elementor-element elementor-element-1652b7c e-con-full e-flex e-con e-child\" data-id=\"1652b7c\" data-element_type=\"container\" data-e-type=\"container\">\n\t\t\t\t<div class=\"elementor-element elementor-element-e0c54c9 elementor-widget elementor-widget-heading\" data-id=\"e0c54c9\" data-element_type=\"widget\" data-e-type=\"widget\" data-widget_type=\"heading.default\">\n\t\t\t\t<div class=\"elementor-widget-container\">\n\t\t\t\t\t<h2 class=\"elementor-heading-title elementor-size-default\">911 emergencies<\/h2>\t\t\t\t<\/div>\n\t\t\t\t<\/div>\n\t\t\t\t<div class=\"elementor-element elementor-element-11a515c elementor-widget elementor-widget-text-editor\" data-id=\"11a515c\" data-element_type=\"widget\" data-e-type=\"widget\" data-widget_type=\"text-editor.default\">\n\t\t\t\t<div class=\"elementor-widget-container\">\n\t\t\t\t\t\t\t\t\t<h4>To reach police, ambulance or fire services, dial 911.<\/h4><p><em><br \/>The 911 emergency call center will contact one or other of these services depending on the intervention required.<\/em><\/p>\t\t\t\t\t\t\t\t<\/div>\n\t\t\t\t<\/div>\n\t\t\t\t<div class=\"elementor-element elementor-element-1a4c75d elementor-widget elementor-widget-heading\" data-id=\"1a4c75d\" data-element_type=\"widget\" data-e-type=\"widget\" data-widget_type=\"heading.default\">\n\t\t\t\t<div class=\"elementor-widget-container\">\n\t\t\t\t\t<h2 class=\"elementor-heading-title elementor-size-default\">Police<\/h2>\t\t\t\t<\/div>\n\t\t\t\t<\/div>\n\t\t\t\t<div class=\"elementor-element elementor-element-083fd00 elementor-widget elementor-widget-text-editor\" data-id=\"083fd00\" data-element_type=\"widget\" data-e-type=\"widget\" data-widget_type=\"text-editor.default\">\n\t\t\t\t<div class=\"elementor-widget-container\">\n\t\t\t\t\t\t\t\t\t<p>The municipality of Mansfield and Pontefract is served by the S\u00fbret\u00e9 du Qu\u00e9bec (Campbell&#8217;s Bay). For non-emergency calls, for example to report excessive noise from a neighbour, please contact the S\u00fbret\u00e9 du Qu\u00e9bec at <strong>819-648-4141<\/strong>.<\/p>\t\t\t\t\t\t\t\t<\/div>\n\t\t\t\t<\/div>\n\t\t\t\t<div class=\"elementor-element elementor-element-cf404db elementor-widget elementor-widget-text-editor\" data-id=\"cf404db\" data-element_type=\"widget\" data-e-type=\"widget\" data-widget_type=\"text-editor.default\">\n\t\t\t\t<div class=\"elementor-widget-container\">\n\t\t\t\t\t\t\t\t\t<p><strong>S\u00dbRET\u00c9 DU QU\u00c9BEC (CAMPBELL&#8217;S BAY)<\/strong><\/p><p>1320 route 148<br \/>Campbell&#8217;s Bay, J0X 1K0<br \/>Tel. 819 648-2141 | Fax 819 648-2831<\/p>\t\t\t\t\t\t\t\t<\/div>\n\t\t\t\t<\/div>\n\t\t\t\t<div class=\"elementor-element elementor-element-66626f4 elementor-widget elementor-widget-heading\" data-id=\"66626f4\" data-element_type=\"widget\" data-e-type=\"widget\" data-widget_type=\"heading.default\">\n\t\t\t\t<div class=\"elementor-widget-container\">\n\t\t\t\t\t<h2 class=\"elementor-heading-title elementor-size-default\">Fire<\/h2>\t\t\t\t<\/div>\n\t\t\t\t<\/div>\n\t\t\t\t<div class=\"elementor-element elementor-element-6b5c978 elementor-widget elementor-widget-text-editor\" data-id=\"6b5c978\" data-element_type=\"widget\" data-e-type=\"widget\" data-widget_type=\"text-editor.default\">\n\t\t\t\t<div class=\"elementor-widget-container\">\n\t\t\t\t\t\t\t\t\t<p>Protection of the population is provided by the fire department of\u00a0<a href=\"https:\/\/mansfield-pontefract.com\/en\/residents\/public-fire-safety\/\">Mansfield and Pontefract Fire Department<\/a>.<\/p>\t\t\t\t\t\t\t\t<\/div>\n\t\t\t\t<\/div>\n\t\t\t\t<\/div>\n\t\t<div class=\"elementor-element elementor-element-7af4cce e-flex e-con-boxed e-con e-child\" data-id=\"7af4cce\" data-element_type=\"container\" data-e-type=\"container\">\n\t\t\t\t\t<div class=\"e-con-inner\">\n\t\t\t\t<div class=\"elementor-element elementor-element-9c7b311 elementor-widget elementor-widget-heading\" data-id=\"9c7b311\" data-element_type=\"widget\" data-e-type=\"widget\" data-widget_type=\"heading.default\">\n\t\t\t\t<div class=\"elementor-widget-container\">\n\t\t\t\t\t<h2 class=\"elementor-heading-title elementor-size-default\">Other important numbers<\/h2>\t\t\t\t<\/div>\n\t\t\t\t<\/div>\n\t\t\t\t<div class=\"elementor-element elementor-element-2b741d9 elementor-widget elementor-widget-text-editor\" data-id=\"2b741d9\" data-element_type=\"widget\" data-e-type=\"widget\" data-widget_type=\"text-editor.default\">\n\t\t\t\t<div class=\"elementor-widget-container\">\n\t\t\t\t\t\t\t\t\t<ul><li><strong>CLSC Mansfield:<\/strong> 819-683-3000<\/li><li><strong>Centre antipoison du Qu\u00e9bec:<\/strong> 1-800-463-5060<\/li><li><strong>Health information: <\/strong>819-683-3000 or 8-1-1<\/li><li><strong>Youth Protection:<\/strong> 1-800-567-6810 (any time, day or night)<\/li><li><strong>Parents Anonymous: <\/strong>1 800-361-5085<\/li><li><strong>Centre de pr\u00e9vention du suicide de Qu\u00e9bec: <\/strong>1-866-277-3553<\/li><li><strong>SPCA West Quebec (Aylmer):<\/strong> 819-770-7722<\/li><li><strong>Animal control:<\/strong> Jacques Fortin (paging between 8:00 a.m. and 5:00 p.m. otherwise contact SQ) <strong>819-665-8333<\/strong>.<\/li><\/ul>\t\t\t\t\t\t\t\t<\/div>\n\t\t\t\t<\/div>\n\t\t\t\t\t<\/div>\n\t\t\t\t<\/div>\n\t\t\t\t\t<\/div>\n\t\t\t\t<\/div>\n\t\t\t\t\t<\/div>\n\t\t\t\t<\/div>\n\t\t\t\t\t<\/div>\n\t\t\t\t<\/div>\n\t\t\t\t<\/div>\n\t\t","protected":false},"excerpt":{"rendered":"<p>911 emergencies To reach police, ambulance or fire services, dial 911. The 911 emergency call center will contact one or other of these services depending on the intervention required. Police The municipality of Mansfield and Pontefract is served by the S\u00fbret\u00e9 du Qu\u00e9bec (Campbell&#8217;s Bay). For non-emergency calls, for example to report excessive noise from &hellip;<\/p>\n","protected":false},"author":1,"featured_media":167998,"parent":4899,"menu_order":0,"comment_status":"closed","ping_status":"closed","template":"","meta":{"_acf_changed":false,"footnotes":""},"class_list":["post-168874","page","type-page","status-publish","has-post-thumbnail","hentry"],"acf":[],"yoast_head":"<!-- This site is optimized with the Yoast SEO plugin v27.4 - https:\/\/yoast.com\/product\/yoast-seo-wordpress\/ -->\n<title>Police and Emergency Services - Mansfield et Pontefract<\/title>\n<meta name=\"robots\" content=\"index, follow, max-snippet:-1, max-image-preview:large, max-video-preview:-1\" \/>\n<link rel=\"canonical\" href=\"https:\/\/mansfield-pontefract.com\/en\/residents\/police-and-emergency-services\/\" \/>\n<meta property=\"og:locale\" content=\"en_US\" \/>\n<meta property=\"og:type\" content=\"article\" \/>\n<meta property=\"og:title\" content=\"Police and Emergency Services - Mansfield et Pontefract\" \/>\n<meta property=\"og:description\" content=\"911 emergencies To reach police, ambulance or fire services, dial 911. The 911 emergency call center will contact one or other of these services depending on the intervention required. Police The municipality of Mansfield and Pontefract is served by the S\u00fbret\u00e9 du Qu\u00e9bec (Campbell&#8217;s Bay). For non-emergency calls, for example to report excessive noise from &hellip;\" \/>\n<meta property=\"og:url\" content=\"https:\/\/mansfield-pontefract.com\/en\/residents\/police-and-emergency-services\/\" \/>\n<meta property=\"og:site_name\" content=\"Mansfield et Pontefract\" \/>\n<meta property=\"article:publisher\" content=\"https:\/\/www.facebook.com\/profile.php?id=100071712675052\" \/>\n<meta property=\"article:modified_time\" content=\"2024-04-13T01:02:09+00:00\" \/>\n<meta property=\"og:image\" content=\"https:\/\/mansfield-pontefract.com\/wp-content\/uploads\/2024\/03\/polic-and-emergency-services.jpg\" \/>\n\t<meta property=\"og:image:width\" content=\"2000\" \/>\n\t<meta property=\"og:image:height\" content=\"1333\" \/>\n\t<meta property=\"og:image:type\" content=\"image\/jpeg\" \/>\n<meta name=\"twitter:card\" content=\"summary_large_image\" \/>\n<meta name=\"twitter:label1\" content=\"Est. reading time\" \/>\n\t<meta name=\"twitter:data1\" content=\"1 minute\" \/>\n<script type=\"application\/ld+json\" class=\"yoast-schema-graph\">{\"@context\":\"https:\\\/\\\/schema.org\",\"@graph\":[{\"@type\":\"WebPage\",\"@id\":\"https:\\\/\\\/mansfield-pontefract.com\\\/en\\\/residents\\\/police-and-emergency-services\\\/\",\"url\":\"https:\\\/\\\/mansfield-pontefract.com\\\/en\\\/residents\\\/police-and-emergency-services\\\/\",\"name\":\"Police and Emergency Services - Mansfield et Pontefract\",\"isPartOf\":{\"@id\":\"https:\\\/\\\/mansfield-pontefract.com\\\/en\\\/#website\"},\"primaryImageOfPage\":{\"@id\":\"https:\\\/\\\/mansfield-pontefract.com\\\/en\\\/residents\\\/police-and-emergency-services\\\/#primaryimage\"},\"image\":{\"@id\":\"https:\\\/\\\/mansfield-pontefract.com\\\/en\\\/residents\\\/police-and-emergency-services\\\/#primaryimage\"},\"thumbnailUrl\":\"https:\\\/\\\/mansfield-pontefract.com\\\/wp-content\\\/uploads\\\/2024\\\/03\\\/polic-and-emergency-services.jpg\",\"datePublished\":\"2024-02-23T22:34:47+00:00\",\"dateModified\":\"2024-04-13T01:02:09+00:00\",\"breadcrumb\":{\"@id\":\"https:\\\/\\\/mansfield-pontefract.com\\\/en\\\/residents\\\/police-and-emergency-services\\\/#breadcrumb\"},\"inLanguage\":\"en-US\",\"potentialAction\":[{\"@type\":\"ReadAction\",\"target\":[\"https:\\\/\\\/mansfield-pontefract.com\\\/en\\\/residents\\\/police-and-emergency-services\\\/\"]}]},{\"@type\":\"ImageObject\",\"inLanguage\":\"en-US\",\"@id\":\"https:\\\/\\\/mansfield-pontefract.com\\\/en\\\/residents\\\/police-and-emergency-services\\\/#primaryimage\",\"url\":\"https:\\\/\\\/mansfield-pontefract.com\\\/wp-content\\\/uploads\\\/2024\\\/03\\\/polic-and-emergency-services.jpg\",\"contentUrl\":\"https:\\\/\\\/mansfield-pontefract.com\\\/wp-content\\\/uploads\\\/2024\\\/03\\\/polic-and-emergency-services.jpg\",\"width\":2000,\"height\":1333,\"caption\":\"Danger on the street. Blue flasher on the police car at night.\"},{\"@type\":\"BreadcrumbList\",\"@id\":\"https:\\\/\\\/mansfield-pontefract.com\\\/en\\\/residents\\\/police-and-emergency-services\\\/#breadcrumb\",\"itemListElement\":[{\"@type\":\"ListItem\",\"position\":1,\"name\":\"Home\",\"item\":\"https:\\\/\\\/mansfield-pontefract.com\\\/en\\\/\"},{\"@type\":\"ListItem\",\"position\":2,\"name\":\"Residents\",\"item\":\"https:\\\/\\\/mansfield-pontefract.com\\\/en\\\/residents\\\/\"},{\"@type\":\"ListItem\",\"position\":3,\"name\":\"Police and Emergency Services\"}]},{\"@type\":\"WebSite\",\"@id\":\"https:\\\/\\\/mansfield-pontefract.com\\\/en\\\/#website\",\"url\":\"https:\\\/\\\/mansfield-pontefract.com\\\/en\\\/\",\"name\":\"Mansfield et Pontefract\",\"description\":\"La ou la rivere chante\",\"publisher\":{\"@id\":\"https:\\\/\\\/mansfield-pontefract.com\\\/en\\\/#organization\"},\"potentialAction\":[{\"@type\":\"SearchAction\",\"target\":{\"@type\":\"EntryPoint\",\"urlTemplate\":\"https:\\\/\\\/mansfield-pontefract.com\\\/en\\\/?s={search_term_string}\"},\"query-input\":{\"@type\":\"PropertyValueSpecification\",\"valueRequired\":true,\"valueName\":\"search_term_string\"}}],\"inLanguage\":\"en-US\"},{\"@type\":\"Organization\",\"@id\":\"https:\\\/\\\/mansfield-pontefract.com\\\/en\\\/#organization\",\"name\":\"Municipalite du Mansfield-et-Pontefract\",\"alternateName\":\"Mansfield\",\"url\":\"https:\\\/\\\/mansfield-pontefract.com\\\/en\\\/\",\"logo\":{\"@type\":\"ImageObject\",\"inLanguage\":\"en-US\",\"@id\":\"https:\\\/\\\/mansfield-pontefract.com\\\/en\\\/#\\\/schema\\\/logo\\\/image\\\/\",\"url\":\"https:\\\/\\\/mansfield-pontefract.com\\\/wp-content\\\/uploads\\\/2024\\\/04\\\/mansfield-logo-696x696-1.png\",\"contentUrl\":\"https:\\\/\\\/mansfield-pontefract.com\\\/wp-content\\\/uploads\\\/2024\\\/04\\\/mansfield-logo-696x696-1.png\",\"width\":696,\"height\":696,\"caption\":\"Municipalite du Mansfield-et-Pontefract\"},\"image\":{\"@id\":\"https:\\\/\\\/mansfield-pontefract.com\\\/en\\\/#\\\/schema\\\/logo\\\/image\\\/\"},\"sameAs\":[\"https:\\\/\\\/www.facebook.com\\\/profile.php?id=100071712675052\",\"https:\\\/\\\/www.instagram.com\\\/destination.pontiac\\\/\",\"https:\\\/\\\/www.youtube.com\\\/channel\\\/UCsfXrrSPVm8eMca37PeSZYg\",\"https:\\\/\\\/www.linkedin.com\\\/company\\\/mrc-pontiac\\\/\"]}]}<\/script>\n<!-- \/ Yoast SEO plugin. -->","yoast_head_json":{"title":"Police and Emergency Services - Mansfield et Pontefract","robots":{"index":"index","follow":"follow","max-snippet":"max-snippet:-1","max-image-preview":"max-image-preview:large","max-video-preview":"max-video-preview:-1"},"canonical":"https:\/\/mansfield-pontefract.com\/en\/residents\/police-and-emergency-services\/","og_locale":"en_US","og_type":"article","og_title":"Police and Emergency Services - Mansfield et Pontefract","og_description":"911 emergencies To reach police, ambulance or fire services, dial 911. The 911 emergency call center will contact one or other of these services depending on the intervention required. Police The municipality of Mansfield and Pontefract is served by the S\u00fbret\u00e9 du Qu\u00e9bec (Campbell&#8217;s Bay). For non-emergency calls, for example to report excessive noise from &hellip;","og_url":"https:\/\/mansfield-pontefract.com\/en\/residents\/police-and-emergency-services\/","og_site_name":"Mansfield et Pontefract","article_publisher":"https:\/\/www.facebook.com\/profile.php?id=100071712675052","article_modified_time":"2024-04-13T01:02:09+00:00","og_image":[{"width":2000,"height":1333,"url":"https:\/\/mansfield-pontefract.com\/wp-content\/uploads\/2024\/03\/polic-and-emergency-services.jpg","type":"image\/jpeg"}],"twitter_card":"summary_large_image","twitter_misc":{"Est. reading time":"1 minute"},"schema":{"@context":"https:\/\/schema.org","@graph":[{"@type":"WebPage","@id":"https:\/\/mansfield-pontefract.com\/en\/residents\/police-and-emergency-services\/","url":"https:\/\/mansfield-pontefract.com\/en\/residents\/police-and-emergency-services\/","name":"Police and Emergency Services - Mansfield et Pontefract","isPartOf":{"@id":"https:\/\/mansfield-pontefract.com\/en\/#website"},"primaryImageOfPage":{"@id":"https:\/\/mansfield-pontefract.com\/en\/residents\/police-and-emergency-services\/#primaryimage"},"image":{"@id":"https:\/\/mansfield-pontefract.com\/en\/residents\/police-and-emergency-services\/#primaryimage"},"thumbnailUrl":"https:\/\/mansfield-pontefract.com\/wp-content\/uploads\/2024\/03\/polic-and-emergency-services.jpg","datePublished":"2024-02-23T22:34:47+00:00","dateModified":"2024-04-13T01:02:09+00:00","breadcrumb":{"@id":"https:\/\/mansfield-pontefract.com\/en\/residents\/police-and-emergency-services\/#breadcrumb"},"inLanguage":"en-US","potentialAction":[{"@type":"ReadAction","target":["https:\/\/mansfield-pontefract.com\/en\/residents\/police-and-emergency-services\/"]}]},{"@type":"ImageObject","inLanguage":"en-US","@id":"https:\/\/mansfield-pontefract.com\/en\/residents\/police-and-emergency-services\/#primaryimage","url":"https:\/\/mansfield-pontefract.com\/wp-content\/uploads\/2024\/03\/polic-and-emergency-services.jpg","contentUrl":"https:\/\/mansfield-pontefract.com\/wp-content\/uploads\/2024\/03\/polic-and-emergency-services.jpg","width":2000,"height":1333,"caption":"Danger on the street. Blue flasher on the police car at night."},{"@type":"BreadcrumbList","@id":"https:\/\/mansfield-pontefract.com\/en\/residents\/police-and-emergency-services\/#breadcrumb","itemListElement":[{"@type":"ListItem","position":1,"name":"Home","item":"https:\/\/mansfield-pontefract.com\/en\/"},{"@type":"ListItem","position":2,"name":"Residents","item":"https:\/\/mansfield-pontefract.com\/en\/residents\/"},{"@type":"ListItem","position":3,"name":"Police and Emergency Services"}]},{"@type":"WebSite","@id":"https:\/\/mansfield-pontefract.com\/en\/#website","url":"https:\/\/mansfield-pontefract.com\/en\/","name":"Mansfield et Pontefract","description":"La ou la rivere chante","publisher":{"@id":"https:\/\/mansfield-pontefract.com\/en\/#organization"},"potentialAction":[{"@type":"SearchAction","target":{"@type":"EntryPoint","urlTemplate":"https:\/\/mansfield-pontefract.com\/en\/?s={search_term_string}"},"query-input":{"@type":"PropertyValueSpecification","valueRequired":true,"valueName":"search_term_string"}}],"inLanguage":"en-US"},{"@type":"Organization","@id":"https:\/\/mansfield-pontefract.com\/en\/#organization","name":"Municipalite du Mansfield-et-Pontefract","alternateName":"Mansfield","url":"https:\/\/mansfield-pontefract.com\/en\/","logo":{"@type":"ImageObject","inLanguage":"en-US","@id":"https:\/\/mansfield-pontefract.com\/en\/#\/schema\/logo\/image\/","url":"https:\/\/mansfield-pontefract.com\/wp-content\/uploads\/2024\/04\/mansfield-logo-696x696-1.png","contentUrl":"https:\/\/mansfield-pontefract.com\/wp-content\/uploads\/2024\/04\/mansfield-logo-696x696-1.png","width":696,"height":696,"caption":"Municipalite du Mansfield-et-Pontefract"},"image":{"@id":"https:\/\/mansfield-pontefract.com\/en\/#\/schema\/logo\/image\/"},"sameAs":["https:\/\/www.facebook.com\/profile.php?id=100071712675052","https:\/\/www.instagram.com\/destination.pontiac\/","https:\/\/www.youtube.com\/channel\/UCsfXrrSPVm8eMca37PeSZYg","https:\/\/www.linkedin.com\/company\/mrc-pontiac\/"]}]}},"_links":{"self":[{"href":"https:\/\/mansfield-pontefract.com\/en\/wp-json\/wp\/v2\/pages\/168874","targetHints":{"allow":["GET"]}}],"collection":[{"href":"https:\/\/mansfield-pontefract.com\/en\/wp-json\/wp\/v2\/pages"}],"about":[{"href":"https:\/\/mansfield-pontefract.com\/en\/wp-json\/wp\/v2\/types\/page"}],"author":[{"embeddable":true,"href":"https:\/\/mansfield-pontefract.com\/en\/wp-json\/wp\/v2\/users\/1"}],"replies":[{"embeddable":true,"href":"https:\/\/mansfield-pontefract.com\/en\/wp-json\/wp\/v2\/comments?post=168874"}],"version-history":[{"count":5,"href":"https:\/\/mansfield-pontefract.com\/en\/wp-json\/wp\/v2\/pages\/168874\/revisions"}],"predecessor-version":[{"id":170435,"href":"https:\/\/mansfield-pontefract.com\/en\/wp-json\/wp\/v2\/pages\/168874\/revisions\/170435"}],"up":[{"embeddable":true,"href":"https:\/\/mansfield-pontefract.com\/en\/wp-json\/wp\/v2\/pages\/4899"}],"wp:featuredmedia":[{"embeddable":true,"href":"https:\/\/mansfield-pontefract.com\/en\/wp-json\/wp\/v2\/media\/167998"}],"wp:attachment":[{"href":"https:\/\/mansfield-pontefract.com\/en\/wp-json\/wp\/v2\/media?parent=168874"}],"curies":[{"name":"wp","href":"https:\/\/api.w.org\/{rel}","templated":true}]}}